{"id":28,"date":"2025-09-27T08:51:33","date_gmt":"2025-09-27T08:51:33","guid":{"rendered":"http:\/\/ourikabikes.com\/?page_id=28"},"modified":"2025-09-27T18:21:56","modified_gmt":"2025-09-27T18:21:56","slug":"nos-itineraires","status":"publish","type":"page","link":"https:\/\/ourikabikes.com\/index.php\/nos-itineraires\/","title":{"rendered":"Itin\u00e9raires"},"content":{"rendered":"\n<h3 class=\"wp-block-heading\">Roulez l\u2019aventure avec Ourika Bikes<\/h3>\n\n\n\n<p>Chez&nbsp;Ourika Bikes, on ne parle pas seulement de location de motos\u2026 On parle de&nbsp;voyages, d\u2019adr\u00e9naline et de libert\u00e9. Notre terrain de jeu ? Le Maroc, avec ses montagnes vertigineuses, ses pistes d\u00e9sertiques et ses routes infinies qui n\u2019attendent que vous.<\/p>\n\n\n\n<figure class=\"wp-block-image size-large\"><img loading=\"lazy\" decoding=\"async\" width=\"1024\" height=\"768\" src=\"http:\/\/ourikabikes.com\/wp-content\/uploads\/2025\/09\/WhatsApp-Image-2025-09-26-at-22.38.24-1-1024x768.jpeg\" alt=\"\" class=\"wp-image-58\" srcset=\"https:\/\/ourikabikes.com\/wp-content\/uploads\/2025\/09\/WhatsApp-Image-2025-09-26-at-22.38.24-1-1024x768.jpeg 1024w, https:\/\/ourikabikes.com\/wp-content\/uploads\/2025\/09\/WhatsApp-Image-2025-09-26-at-22.38.24-1-300x225.jpeg 300w, https:\/\/ourikabikes.com\/wp-content\/uploads\/2025\/09\/WhatsApp-Image-2025-09-26-at-22.38.24-1-768x576.jpeg 768w, https:\/\/ourikabikes.com\/wp-content\/uploads\/2025\/09\/WhatsApp-Image-2025-09-26-at-22.38.24-1-1536x1152.jpeg 1536w, https:\/\/ourikabikes.com\/wp-content\/uploads\/2025\/09\/WhatsApp-Image-2025-09-26-at-22.38.24-1.jpeg 1600w\" sizes=\"auto, (max-width: 1024px) 100vw, 1024px\" \/><\/figure>\n\n\n\n<p>Ici, pas de formule toute faite :<\/p>\n\n\n\n<ul class=\"wp-block-list\">\n<li>La dur\u00e9e, c\u2019est vous qui d\u00e9cidez&nbsp;: une \u00e9chapp\u00e9e d\u2019une journ\u00e9e, un road trip d\u2019une semaine ou une grande travers\u00e9e, tout est possible.<\/li>\n\n\n\n<li>Le niveau, c\u2019est vous qui fixez la barre&nbsp;: que vous soyez novice en qu\u00eate de d\u00e9couverte ou rider chevronn\u00e9 en recherche de d\u00e9fi, on adapte l\u2019aventure \u00e0 vos envies.<\/li>\n\n\n\n<li>Les \u00e9tapes, c\u2019est vous qui choisissez le rythme&nbsp;: longues journ\u00e9es \u00e0 avaler du kilom\u00e8tre ou haltes tranquilles pour profiter du paysage.<\/li>\n\n\n\n<li>Les horizons, c\u2019est vous qui explorez&nbsp;: Atlas, d\u00e9sert, vall\u00e9es secr\u00e8tes ou plages sauvages\u2026 chaque itin\u00e9raire vous ouvre une nouvelle facette du Maroc.<\/li>\n<\/ul>\n\n\n\n<p>Avec&nbsp;Ourika Bikes, vous partez pour une exp\u00e9rience unique, taill\u00e9e sur mesure, o\u00f9 chaque virage est une promesse d\u2019\u00e9vasion.<\/p>\n\n\n\n<figure class=\"wp-block-image size-large\"><img loading=\"lazy\" decoding=\"async\" width=\"1024\" height=\"768\" src=\"http:\/\/ourikabikes.com\/wp-content\/uploads\/2025\/09\/WhatsApp-Image-2025-09-26-at-22.38.09-1024x768.jpeg\" alt=\"\" class=\"wp-image-59\" srcset=\"https:\/\/ourikabikes.com\/wp-content\/uploads\/2025\/09\/WhatsApp-Image-2025-09-26-at-22.38.09-1024x768.jpeg 1024w, https:\/\/ourikabikes.com\/wp-content\/uploads\/2025\/09\/WhatsApp-Image-2025-09-26-at-22.38.09-300x225.jpeg 300w, https:\/\/ourikabikes.com\/wp-content\/uploads\/2025\/09\/WhatsApp-Image-2025-09-26-at-22.38.09-768x576.jpeg 768w, https:\/\/ourikabikes.com\/wp-content\/uploads\/2025\/09\/WhatsApp-Image-2025-09-26-at-22.38.09-1536x1152.jpeg 1536w, https:\/\/ourikabikes.com\/wp-content\/uploads\/2025\/09\/WhatsApp-Image-2025-09-26-at-22.38.09.jpeg 1600w\" sizes=\"auto, (max-width: 1024px) 100vw, 1024px\" \/><\/figure>\n","protected":false},"excerpt":{"rendered":"<p>Roulez l\u2019aventure avec Ourika Bikes Chez&nbsp;Ourika Bikes, on ne parle pas seulement de location de motos\u2026 On parle de&nbsp;voyages, d\u2019adr\u00e9naline et de libert\u00e9. Notre terrain de jeu ? Le Maroc, avec ses montagnes vertigineuses, ses pistes d\u00e9sertiques et ses routes infinies qui n\u2019attendent que vous. Ici, pas de formule toute faite : Avec&nbsp;Ourika Bikes, vous&#8230;<\/p>\n","protected":false},"author":1,"featured_media":0,"parent":0,"menu_order":3,"comment_status":"closed","ping_status":"closed","template":"","meta":{"_kad_post_transparent":"","_kad_post_title":"","_kad_post_layout":"","_kad_post_sidebar_id":"","_kad_post_content_style":"","_kad_post_vertical_padding":"","_kad_post_feature":"","_kad_post_feature_position":"","_kad_post_header":false,"_kad_post_footer":false,"footnotes":""},"class_list":["post-28","page","type-page","status-publish","hentry"],"_links":{"self":[{"href":"https:\/\/ourikabikes.com\/index.php\/wp-json\/wp\/v2\/pages\/28","targetHints":{"allow":["GET"]}}],"collection":[{"href":"https:\/\/ourikabikes.com\/index.php\/wp-json\/wp\/v2\/pages"}],"about":[{"href":"https:\/\/ourikabikes.com\/index.php\/wp-json\/wp\/v2\/types\/page"}],"author":[{"embeddable":true,"href":"https:\/\/ourikabikes.com\/index.php\/wp-json\/wp\/v2\/users\/1"}],"replies":[{"embeddable":true,"href":"https:\/\/ourikabikes.com\/index.php\/wp-json\/wp\/v2\/comments?post=28"}],"version-history":[{"count":5,"href":"https:\/\/ourikabikes.com\/index.php\/wp-json\/wp\/v2\/pages\/28\/revisions"}],"predecessor-version":[{"id":61,"href":"https:\/\/ourikabikes.com\/index.php\/wp-json\/wp\/v2\/pages\/28\/revisions\/61"}],"wp:attachment":[{"href":"https:\/\/ourikabikes.com\/index.php\/wp-json\/wp\/v2\/media?parent=28"}],"curies":[{"name":"wp","href":"https:\/\/api.w.org\/{rel}","templated":true}]}}