{"id":18,"date":"2025-09-27T08:42:26","date_gmt":"2025-09-27T08:42:26","guid":{"rendered":"http:\/\/ourikabikes.com\/?page_id=18"},"modified":"2025-09-28T14:41:39","modified_gmt":"2025-09-28T14:41:39","slug":"accueil","status":"publish","type":"page","link":"https:\/\/ourikabikes.com\/","title":{"rendered":"Ourika Bikes"},"content":{"rendered":"\n<p><strong>Ourika Bikes<\/strong>\u00a0est une soci\u00e9t\u00e9 sp\u00e9cialis\u00e9e dans la location de motos d&rsquo;enduro et l\u2019organisation de raids avec assistance au d\u00e9part de la vall\u00e9e de l\u2019Ourika, \u00e0 proximit\u00e9 de Marrakech.<\/p>\n\n\n\n<p>Que ce soit pour une randonn\u00e9e d\u2019une journ\u00e9e, une aventure sportive ou une d\u00e9couverte en toute libert\u00e9, nous mettons \u00e0 disposition des motos parfaitement entretenues et adapt\u00e9es aux diff\u00e9rents types de parcours, ainsi que des intervenants dipl\u00f4m\u00e9s pour de la formation et du perfectionnement enduro et rallye-raid.<\/p>\n\n\n\n<figure class=\"wp-block-image size-large\"><img loading=\"lazy\" decoding=\"async\" width=\"1024\" height=\"687\" src=\"http:\/\/ourikabikes.com\/wp-content\/uploads\/2025\/09\/481186245_122146540580511973_3730502934639695810_n-2-1-e1759050339787-1024x687.jpg\" alt=\"\" class=\"wp-image-84\" srcset=\"https:\/\/ourikabikes.com\/wp-content\/uploads\/2025\/09\/481186245_122146540580511973_3730502934639695810_n-2-1-e1759050339787-1024x687.jpg 1024w, https:\/\/ourikabikes.com\/wp-content\/uploads\/2025\/09\/481186245_122146540580511973_3730502934639695810_n-2-1-e1759050339787-300x201.jpg 300w, https:\/\/ourikabikes.com\/wp-content\/uploads\/2025\/09\/481186245_122146540580511973_3730502934639695810_n-2-1-e1759050339787-768x516.jpg 768w, https:\/\/ourikabikes.com\/wp-content\/uploads\/2025\/09\/481186245_122146540580511973_3730502934639695810_n-2-1-e1759050339787.jpg 1360w\" sizes=\"auto, (max-width: 1024px) 100vw, 1024px\" \/><\/figure>\n\n\n\n<p>Notre \u00e9quipe, install\u00e9e au Royaume du Maroc depuis 20 ans, vous accompagne sur des itin\u00e9raires uniques, entre montagnes de l\u2019Atlas, villages berb\u00e8res, dunes du grand sud, mer et oc\u00e9an&#8230; Autant de paysages authentiques o\u00f9 vous vivrez une exp\u00e9rience alliant plaisir, authenticit\u00e9 et d\u00e9paysement.<\/p>\n\n\n\n<figure class=\"wp-block-image size-large\"><img loading=\"lazy\" decoding=\"async\" width=\"1024\" height=\"768\" src=\"http:\/\/ourikabikes.com\/wp-content\/uploads\/2025\/09\/WhatsApp-Image-2025-09-26-at-22.39.28-1024x768.jpeg\" alt=\"\" class=\"wp-image-67\" srcset=\"https:\/\/ourikabikes.com\/wp-content\/uploads\/2025\/09\/WhatsApp-Image-2025-09-26-at-22.39.28-1024x768.jpeg 1024w, https:\/\/ourikabikes.com\/wp-content\/uploads\/2025\/09\/WhatsApp-Image-2025-09-26-at-22.39.28-300x225.jpeg 300w, https:\/\/ourikabikes.com\/wp-content\/uploads\/2025\/09\/WhatsApp-Image-2025-09-26-at-22.39.28-768x576.jpeg 768w, https:\/\/ourikabikes.com\/wp-content\/uploads\/2025\/09\/WhatsApp-Image-2025-09-26-at-22.39.28-1536x1152.jpeg 1536w, https:\/\/ourikabikes.com\/wp-content\/uploads\/2025\/09\/WhatsApp-Image-2025-09-26-at-22.39.28.jpeg 1600w\" sizes=\"auto, (max-width: 1024px) 100vw, 1024px\" \/><\/figure>\n\n\n\n<p><\/p>\n","protected":false},"excerpt":{"rendered":"<p>Ourika Bikes\u00a0est une soci\u00e9t\u00e9 sp\u00e9cialis\u00e9e dans la location de motos d&rsquo;enduro et l\u2019organisation de raids avec assistance au d\u00e9part de la vall\u00e9e de l\u2019Ourika, \u00e0 proximit\u00e9 de Marrakech. Que ce soit pour une randonn\u00e9e d\u2019une journ\u00e9e, une aventure sportive ou une d\u00e9couverte en toute libert\u00e9, nous mettons \u00e0 disposition des motos parfaitement entretenues et adapt\u00e9es&#8230;<\/p>\n","protected":false},"author":1,"featured_media":0,"parent":0,"menu_order":1,"comment_status":"closed","ping_status":"closed","template":"","meta":{"_kad_post_transparent":"","_kad_post_title":"","_kad_post_layout":"","_kad_post_sidebar_id":"","_kad_post_content_style":"","_kad_post_vertical_padding":"","_kad_post_feature":"","_kad_post_feature_position":"","_kad_post_header":false,"_kad_post_footer":false,"footnotes":""},"class_list":["post-18","page","type-page","status-publish","hentry"],"_links":{"self":[{"href":"https:\/\/ourikabikes.com\/index.php\/wp-json\/wp\/v2\/pages\/18","targetHints":{"allow":["GET"]}}],"collection":[{"href":"https:\/\/ourikabikes.com\/index.php\/wp-json\/wp\/v2\/pages"}],"about":[{"href":"https:\/\/ourikabikes.com\/index.php\/wp-json\/wp\/v2\/types\/page"}],"author":[{"embeddable":true,"href":"https:\/\/ourikabikes.com\/index.php\/wp-json\/wp\/v2\/users\/1"}],"replies":[{"embeddable":true,"href":"https:\/\/ourikabikes.com\/index.php\/wp-json\/wp\/v2\/comments?post=18"}],"version-history":[{"count":5,"href":"https:\/\/ourikabikes.com\/index.php\/wp-json\/wp\/v2\/pages\/18\/revisions"}],"predecessor-version":[{"id":100,"href":"https:\/\/ourikabikes.com\/index.php\/wp-json\/wp\/v2\/pages\/18\/revisions\/100"}],"wp:attachment":[{"href":"https:\/\/ourikabikes.com\/index.php\/wp-json\/wp\/v2\/media?parent=18"}],"curies":[{"name":"wp","href":"https:\/\/api.w.org\/{rel}","templated":true}]}}