{"id":12,"date":"2025-09-27T08:37:06","date_gmt":"2025-09-27T08:37:06","guid":{"rendered":"http:\/\/ourikabikes.com\/?page_id=12"},"modified":"2025-09-27T18:25:00","modified_gmt":"2025-09-27T18:25:00","slug":"nos-prestations","status":"publish","type":"page","link":"https:\/\/ourikabikes.com\/index.php\/nos-prestations\/","title":{"rendered":"Prestations"},"content":{"rendered":"\n<h2 class=\"wp-block-heading\">Ourika Bikes \u2013 L\u2019aventure sur mesure au Maroc<\/h2>\n\n\n\n<p>Chez Ourika Bikes, pas de catalogue avec des raids pr\u00e9fabriqu\u00e9s : on pr\u00e9f\u00e8re vous proposer du sur mesure. Nous nous adoptons \u00e0 vous, pas l&rsquo;inverse !<\/p>\n\n\n\n<p>C&rsquo;est VOUS qui nous dites quelles sont les dates o\u00f9 vous pouvez \u00eatre disponibles, combien vous \u00eates, ce que vous r\u00eavez de faire : quel secteur du Maroc, quel niveau de difficult\u00e9s etc. afin que votre s\u00e9jour parmi nous soit ce dont vous r\u00eaviez.<\/p>\n\n\n\n<p>Venez avec votre groupe d&rsquo;amis, nous \u00e9tablirons des boucles totalement \u00e0 la carte dans la longueur, dans le niveau de difficult\u00e9 ou dans le nombre de participants.<\/p>\n\n\n\n<p>Nous pourrons \u00e9galement vous pr\u00e9parer des raids mixtes entres motos, quads, 4&#215;4 et buggy SSV.<\/p>\n\n\n\n<figure class=\"wp-block-image size-large\"><img loading=\"lazy\" decoding=\"async\" width=\"1024\" height=\"768\" src=\"http:\/\/ourikabikes.com\/wp-content\/uploads\/2025\/09\/WhatsApp-Image-2025-09-26-at-22.39.14-1024x768.jpeg\" alt=\"\" class=\"wp-image-63\" srcset=\"https:\/\/ourikabikes.com\/wp-content\/uploads\/2025\/09\/WhatsApp-Image-2025-09-26-at-22.39.14-1024x768.jpeg 1024w, https:\/\/ourikabikes.com\/wp-content\/uploads\/2025\/09\/WhatsApp-Image-2025-09-26-at-22.39.14-300x225.jpeg 300w, https:\/\/ourikabikes.com\/wp-content\/uploads\/2025\/09\/WhatsApp-Image-2025-09-26-at-22.39.14-768x576.jpeg 768w, https:\/\/ourikabikes.com\/wp-content\/uploads\/2025\/09\/WhatsApp-Image-2025-09-26-at-22.39.14-1536x1152.jpeg 1536w, https:\/\/ourikabikes.com\/wp-content\/uploads\/2025\/09\/WhatsApp-Image-2025-09-26-at-22.39.14.jpeg 1600w\" sizes=\"auto, (max-width: 1024px) 100vw, 1024px\" \/><\/figure>\n\n\n\n<p>Avec&nbsp;Ourika Bikes, partez \u00e0 la d\u00e9couverte du Maroc au guidon d\u2019une moto taill\u00e9e pour l\u2019aventure. Plus qu\u2019une simple location, nous vous proposons une exp\u00e9rience unique, pens\u00e9e pour ceux qui r\u00eavent de libert\u00e9 sans renoncer au confort d\u2019un service personnalis\u00e9.<\/p>\n\n\n\n<p>Nos prestations sont&nbsp;100 % \u00e0 la carte&nbsp;: vous choisissez votre itin\u00e9raire, votre rythme et votre style de voyage, et nous nous occupons du reste. Que vous vouliez traverser les routes spectaculaires de l\u2019Atlas, longer l\u2019oc\u00e9an Atlantique&nbsp;avec ses plages infinies, ou plonger dans l\u2019immensit\u00e9 du&nbsp;d\u00e9sert, nous cr\u00e9ons avec vous le road trip qui vous ressemble.<\/p>\n\n\n\n<p>Chez&nbsp;Ourika Bikes, chaque d\u00e9tail compte : motos fiables et entretenues, accompagnement sur mesure et organisation flexible pour que vous puissiez profiter pleinement de l\u2019aventure. Libert\u00e9, \u00e9motion et authenticit\u00e9 : le Maroc n\u2019a jamais \u00e9t\u00e9 aussi accessible.<\/p>\n\n\n\n<p>Votre prochaine grande \u00e9chapp\u00e9e commence ici.<\/p>\n\n\n\n<figure class=\"wp-block-image size-large\"><img loading=\"lazy\" decoding=\"async\" width=\"1024\" height=\"768\" src=\"http:\/\/ourikabikes.com\/wp-content\/uploads\/2025\/09\/WhatsApp-Image-2025-09-26-at-22.39.01-1024x768.jpeg\" alt=\"\" class=\"wp-image-64\" srcset=\"https:\/\/ourikabikes.com\/wp-content\/uploads\/2025\/09\/WhatsApp-Image-2025-09-26-at-22.39.01-1024x768.jpeg 1024w, https:\/\/ourikabikes.com\/wp-content\/uploads\/2025\/09\/WhatsApp-Image-2025-09-26-at-22.39.01-300x225.jpeg 300w, https:\/\/ourikabikes.com\/wp-content\/uploads\/2025\/09\/WhatsApp-Image-2025-09-26-at-22.39.01-768x576.jpeg 768w, https:\/\/ourikabikes.com\/wp-content\/uploads\/2025\/09\/WhatsApp-Image-2025-09-26-at-22.39.01-1536x1152.jpeg 1536w, https:\/\/ourikabikes.com\/wp-content\/uploads\/2025\/09\/WhatsApp-Image-2025-09-26-at-22.39.01.jpeg 1600w\" sizes=\"auto, (max-width: 1024px) 100vw, 1024px\" \/><\/figure>\n","protected":false},"excerpt":{"rendered":"<p>Ourika Bikes \u2013 L\u2019aventure sur mesure au Maroc Chez Ourika Bikes, pas de catalogue avec des raids pr\u00e9fabriqu\u00e9s : on pr\u00e9f\u00e8re vous proposer du sur mesure. Nous nous adoptons \u00e0 vous, pas l&rsquo;inverse ! C&rsquo;est VOUS qui nous dites quelles sont les dates o\u00f9 vous pouvez \u00eatre disponibles, combien vous \u00eates, ce que vous r\u00eavez&#8230;<\/p>\n","protected":false},"author":1,"featured_media":0,"parent":0,"menu_order":4,"comment_status":"closed","ping_status":"closed","template":"","meta":{"_kad_post_transparent":"","_kad_post_title":"","_kad_post_layout":"","_kad_post_sidebar_id":"","_kad_post_content_style":"","_kad_post_vertical_padding":"","_kad_post_feature":"","_kad_post_feature_position":"","_kad_post_header":false,"_kad_post_footer":false,"footnotes":""},"class_list":["post-12","page","type-page","status-publish","hentry"],"_links":{"self":[{"href":"https:\/\/ourikabikes.com\/index.php\/wp-json\/wp\/v2\/pages\/12","targetHints":{"allow":["GET"]}}],"collection":[{"href":"https:\/\/ourikabikes.com\/index.php\/wp-json\/wp\/v2\/pages"}],"about":[{"href":"https:\/\/ourikabikes.com\/index.php\/wp-json\/wp\/v2\/types\/page"}],"author":[{"embeddable":true,"href":"https:\/\/ourikabikes.com\/index.php\/wp-json\/wp\/v2\/users\/1"}],"replies":[{"embeddable":true,"href":"https:\/\/ourikabikes.com\/index.php\/wp-json\/wp\/v2\/comments?post=12"}],"version-history":[{"count":6,"href":"https:\/\/ourikabikes.com\/index.php\/wp-json\/wp\/v2\/pages\/12\/revisions"}],"predecessor-version":[{"id":65,"href":"https:\/\/ourikabikes.com\/index.php\/wp-json\/wp\/v2\/pages\/12\/revisions\/65"}],"wp:attachment":[{"href":"https:\/\/ourikabikes.com\/index.php\/wp-json\/wp\/v2\/media?parent=12"}],"curies":[{"name":"wp","href":"https:\/\/api.w.org\/{rel}","templated":true}]}}